{"id":2814,"date":"2024-04-26T09:32:01","date_gmt":"2024-04-26T07:32:01","guid":{"rendered":"https:\/\/atlast.agency\/english-cart\/"},"modified":"2024-05-26T22:12:25","modified_gmt":"2024-05-26T20:12:25","slug":"english-cart","status":"publish","type":"page","link":"https:\/\/atlast.agency\/es\/english-cart\/","title":{"rendered":"Carrito"},"content":{"rendered":"\t\t<div data-elementor-type=\"wp-page\" data-elementor-id=\"2814\" class=\"elementor elementor-2814 elementor-2674\" data-elementor-post-type=\"page\">\n\t\t\t\t\t\t<section class=\"elementor-section elementor-top-section elementor-element elementor-element-45877e2 elementor-section-full_width elementor-section-height-default elementor-section-height-default\" data-id=\"45877e2\" data-element_type=\"section\" data-settings=\"{&quot;background_background&quot;:&quot;classic&quot;}\">\n\t\t\t\t\t\t<div class=\"elementor-container elementor-column-gap-default\">\n\t\t\t\t\t<div class=\"elementor-column elementor-col-50 elementor-top-column elementor-element elementor-element-24ae1bc hei2\" data-id=\"24ae1bc\" data-element_type=\"column\">\n\t\t\t<div class=\"elementor-widget-wrap elementor-element-populated\">\n\t\t\t\t\t\t<div class=\"elementor-element elementor-element-234b708 elementor-invisible elementor-widget elementor-widget-heading\" data-id=\"234b708\" data-element_type=\"widget\" data-settings=\"{&quot;_animation&quot;:&quot;fadeInUp&quot;}\" data-widget_type=\"heading.default\">\n\t\t\t\t<div class=\"elementor-widget-container\">\n\t\t\t\t\t<h2 class=\"elementor-heading-title elementor-size-default\">Carrito<\/h2>\t\t\t\t<\/div>\n\t\t\t\t<\/div>\n\t\t\t\t\t<\/div>\n\t\t<\/div>\n\t\t\t\t<div class=\"elementor-column elementor-col-50 elementor-top-column elementor-element elementor-element-a416776 hei2\" data-id=\"a416776\" data-element_type=\"column\" data-settings=\"{&quot;background_background&quot;:&quot;classic&quot;}\">\n\t\t\t<div class=\"elementor-widget-wrap\">\n\t\t\t\t\t\t\t<\/div>\n\t\t<\/div>\n\t\t\t\t\t<\/div>\n\t\t<\/section>\n\t\t\t\t<\/div>\n\t\t","protected":false},"excerpt":{"rendered":"<p>Carrito Eliminar art\u00edculo Imagen en miniatura Producto Precio Cantidad Subtotal &times; Gu\u00eda Viaje Londres &euro;14,99 Gu\u00eda Viaje Londres&nbsp; cantidad &euro;14,99 Aplicar cup\u00f3n Subtotal &euro;14,99 Total &euro;14,99 EUR Finalizar compra<\/p>\n","protected":false},"author":1,"featured_media":0,"parent":0,"menu_order":0,"comment_status":"closed","ping_status":"closed","template":"","meta":{"footnotes":""},"class_list":["post-2814","page","type-page","status-publish","hentry"],"acf":[],"yoast_head":"<!-- This site is optimized with the Yoast SEO Premium plugin v18.3 (Yoast SEO v24.2) - https:\/\/yoast.com\/wordpress\/plugins\/seo\/ -->\n<title>Carrito - Atlast Agency<\/title>\n<meta name=\"robots\" content=\"index, follow, max-snippet:-1, max-image-preview:large, max-video-preview:-1\" \/>\n<link rel=\"canonical\" href=\"https:\/\/atlast.agency\/es\/english-cart\/\" \/>\n<meta property=\"og:locale\" content=\"es_ES\" \/>\n<meta property=\"og:type\" content=\"article\" \/>\n<meta property=\"og:title\" content=\"Carrito\" \/>\n<meta property=\"og:description\" content=\"Carrito Eliminar art\u00edculo Imagen en miniatura Producto Precio Cantidad Subtotal &times; Gu\u00eda Viaje Londres &euro;14,99 Gu\u00eda Viaje Londres&nbsp; cantidad &euro;14,99 Aplicar cup\u00f3n Subtotal &euro;14,99 Total &euro;14,99 EUR Finalizar compra\" \/>\n<meta property=\"og:url\" content=\"https:\/\/atlast.agency\/es\/english-cart\/\" \/>\n<meta property=\"og:site_name\" content=\"Atlast Agency\" \/>\n<meta property=\"article:modified_time\" content=\"2024-05-26T20:12:25+00:00\" \/>\n<meta property=\"og:image\" content=\"https:\/\/atlast.agency\/wp-content\/uploads\/2024\/04\/Portada-Tienda-Londres--300x300.png\" \/>\n<meta name=\"twitter:card\" content=\"summary_large_image\" \/>\n<meta name=\"twitter:label1\" content=\"Tiempo de lectura\" \/>\n\t<meta name=\"twitter:data1\" content=\"1 minuto\" \/>\n<script type=\"application\/ld+json\" class=\"yoast-schema-graph\">{\"@context\":\"https:\/\/schema.org\",\"@graph\":[{\"@type\":\"WebPage\",\"@id\":\"https:\/\/atlast.agency\/es\/english-cart\/\",\"url\":\"https:\/\/atlast.agency\/es\/english-cart\/\",\"name\":\"Carrito - Atlast Agency\",\"isPartOf\":{\"@id\":\"https:\/\/atlast.agency\/#website\"},\"primaryImageOfPage\":{\"@id\":\"https:\/\/atlast.agency\/es\/english-cart\/#primaryimage\"},\"image\":{\"@id\":\"https:\/\/atlast.agency\/es\/english-cart\/#primaryimage\"},\"thumbnailUrl\":\"https:\/\/atlast.agency\/wp-content\/uploads\/2024\/04\/Portada-Tienda-Londres--300x300.png\",\"datePublished\":\"2024-04-26T07:32:01+00:00\",\"dateModified\":\"2024-05-26T20:12:25+00:00\",\"breadcrumb\":{\"@id\":\"https:\/\/atlast.agency\/es\/english-cart\/#breadcrumb\"},\"inLanguage\":\"es\",\"potentialAction\":[{\"@type\":\"ReadAction\",\"target\":[\"https:\/\/atlast.agency\/es\/english-cart\/\"]}]},{\"@type\":\"ImageObject\",\"inLanguage\":\"es\",\"@id\":\"https:\/\/atlast.agency\/es\/english-cart\/#primaryimage\",\"url\":\"https:\/\/atlast.agency\/wp-content\/uploads\/2024\/04\/Portada-Tienda-Londres--300x300.png\",\"contentUrl\":\"https:\/\/atlast.agency\/wp-content\/uploads\/2024\/04\/Portada-Tienda-Londres--300x300.png\"},{\"@type\":\"BreadcrumbList\",\"@id\":\"https:\/\/atlast.agency\/es\/english-cart\/#breadcrumb\",\"itemListElement\":[{\"@type\":\"ListItem\",\"position\":1,\"name\":\"Home\",\"item\":\"https:\/\/atlast.agency\/es\/\"},{\"@type\":\"ListItem\",\"position\":2,\"name\":\"Carrito\"}]},{\"@type\":\"WebSite\",\"@id\":\"https:\/\/atlast.agency\/#website\",\"url\":\"https:\/\/atlast.agency\/\",\"name\":\"Atlast Agency\",\"description\":\"\",\"potentialAction\":[{\"@type\":\"SearchAction\",\"target\":{\"@type\":\"EntryPoint\",\"urlTemplate\":\"https:\/\/atlast.agency\/?s={search_term_string}\"},\"query-input\":{\"@type\":\"PropertyValueSpecification\",\"valueRequired\":true,\"valueName\":\"search_term_string\"}}],\"inLanguage\":\"es\"}]}<\/script>\n<!-- \/ Yoast SEO Premium plugin. -->","yoast_head_json":{"title":"Carrito - Atlast Agency","robots":{"index":"index","follow":"follow","max-snippet":"max-snippet:-1","max-image-preview":"max-image-preview:large","max-video-preview":"max-video-preview:-1"},"canonical":"https:\/\/atlast.agency\/es\/english-cart\/","og_locale":"es_ES","og_type":"article","og_title":"Carrito","og_description":"Carrito Eliminar art\u00edculo Imagen en miniatura Producto Precio Cantidad Subtotal &times; Gu\u00eda Viaje Londres &euro;14,99 Gu\u00eda Viaje Londres&nbsp; cantidad &euro;14,99 Aplicar cup\u00f3n Subtotal &euro;14,99 Total &euro;14,99 EUR Finalizar compra","og_url":"https:\/\/atlast.agency\/es\/english-cart\/","og_site_name":"Atlast Agency","article_modified_time":"2024-05-26T20:12:25+00:00","og_image":[{"url":"https:\/\/atlast.agency\/wp-content\/uploads\/2024\/04\/Portada-Tienda-Londres--300x300.png","type":"","width":"","height":""}],"twitter_card":"summary_large_image","twitter_misc":{"Tiempo de lectura":"1 minuto"},"schema":{"@context":"https:\/\/schema.org","@graph":[{"@type":"WebPage","@id":"https:\/\/atlast.agency\/es\/english-cart\/","url":"https:\/\/atlast.agency\/es\/english-cart\/","name":"Carrito - Atlast Agency","isPartOf":{"@id":"https:\/\/atlast.agency\/#website"},"primaryImageOfPage":{"@id":"https:\/\/atlast.agency\/es\/english-cart\/#primaryimage"},"image":{"@id":"https:\/\/atlast.agency\/es\/english-cart\/#primaryimage"},"thumbnailUrl":"https:\/\/atlast.agency\/wp-content\/uploads\/2024\/04\/Portada-Tienda-Londres--300x300.png","datePublished":"2024-04-26T07:32:01+00:00","dateModified":"2024-05-26T20:12:25+00:00","breadcrumb":{"@id":"https:\/\/atlast.agency\/es\/english-cart\/#breadcrumb"},"inLanguage":"es","potentialAction":[{"@type":"ReadAction","target":["https:\/\/atlast.agency\/es\/english-cart\/"]}]},{"@type":"ImageObject","inLanguage":"es","@id":"https:\/\/atlast.agency\/es\/english-cart\/#primaryimage","url":"https:\/\/atlast.agency\/wp-content\/uploads\/2024\/04\/Portada-Tienda-Londres--300x300.png","contentUrl":"https:\/\/atlast.agency\/wp-content\/uploads\/2024\/04\/Portada-Tienda-Londres--300x300.png"},{"@type":"BreadcrumbList","@id":"https:\/\/atlast.agency\/es\/english-cart\/#breadcrumb","itemListElement":[{"@type":"ListItem","position":1,"name":"Home","item":"https:\/\/atlast.agency\/es\/"},{"@type":"ListItem","position":2,"name":"Carrito"}]},{"@type":"WebSite","@id":"https:\/\/atlast.agency\/#website","url":"https:\/\/atlast.agency\/","name":"Atlast Agency","description":"","potentialAction":[{"@type":"SearchAction","target":{"@type":"EntryPoint","urlTemplate":"https:\/\/atlast.agency\/?s={search_term_string}"},"query-input":{"@type":"PropertyValueSpecification","valueRequired":true,"valueName":"search_term_string"}}],"inLanguage":"es"}]}},"jetpack_sharing_enabled":true,"_links":{"self":[{"href":"https:\/\/atlast.agency\/es\/wp-json\/wp\/v2\/pages\/2814","targetHints":{"allow":["GET"]}}],"collection":[{"href":"https:\/\/atlast.agency\/es\/wp-json\/wp\/v2\/pages"}],"about":[{"href":"https:\/\/atlast.agency\/es\/wp-json\/wp\/v2\/types\/page"}],"author":[{"embeddable":true,"href":"https:\/\/atlast.agency\/es\/wp-json\/wp\/v2\/users\/1"}],"replies":[{"embeddable":true,"href":"https:\/\/atlast.agency\/es\/wp-json\/wp\/v2\/comments?post=2814"}],"version-history":[{"count":23,"href":"https:\/\/atlast.agency\/es\/wp-json\/wp\/v2\/pages\/2814\/revisions"}],"predecessor-version":[{"id":3020,"href":"https:\/\/atlast.agency\/es\/wp-json\/wp\/v2\/pages\/2814\/revisions\/3020"}],"wp:attachment":[{"href":"https:\/\/atlast.agency\/es\/wp-json\/wp\/v2\/media?parent=2814"}],"curies":[{"name":"wp","href":"https:\/\/api.w.org\/{rel}","templated":true}]}}