{"id":750,"date":"2022-07-04T09:10:34","date_gmt":"2022-07-04T07:10:34","guid":{"rendered":"https:\/\/atlast.agency\/sobre-nosotros\/"},"modified":"2024-04-22T18:39:25","modified_gmt":"2024-04-22T18:39:25","slug":"sobre-nosotros","status":"publish","type":"page","link":"https:\/\/atlast.agency\/es\/sobre-nosotros\/","title":{"rendered":"Nosotros"},"content":{"rendered":"\t\t<div data-elementor-type=\"wp-page\" data-elementor-id=\"750\" class=\"elementor elementor-750 elementor-52\" data-elementor-post-type=\"page\">\n\t\t\t\t\t\t<section class=\"elementor-section elementor-top-section elementor-element elementor-element-aab14c1 elementor-section-boxed elementor-section-height-default elementor-section-height-default\" data-id=\"aab14c1\" data-element_type=\"section\">\n\t\t\t\t\t\t<div class=\"elementor-container elementor-column-gap-default\">\n\t\t\t\t\t<div class=\"elementor-column elementor-col-50 elementor-top-column elementor-element elementor-element-63bdf28\" data-id=\"63bdf28\" data-element_type=\"column\">\n\t\t\t<div class=\"elementor-widget-wrap elementor-element-populated\">\n\t\t\t\t\t\t<div class=\"elementor-element elementor-element-433cf2f elementor-widget elementor-widget-text-editor\" data-id=\"433cf2f\" data-element_type=\"widget\" data-widget_type=\"text-editor.default\">\n\t\t\t\t<div class=\"elementor-widget-container\">\n\t\t\t\t\t\t\t\t\t<p><span style=\"font-weight: 400;\">Atlast nace de la intenci\u00f3n de convertir un hobby en un beneficio para los dem\u00e1s. Somos un equipo joven con una afici\u00f3n com\u00fan: <strong>viajar y conocer diferentes culturas<\/strong>. Nos gusta que nuestros viajes nos ayuden a integrarnos en los lugares que visitamos y nos acerquen a la vida local.<\/span><\/p>\n<p><span style=\"font-weight: 400;\">Por eso trabajamos con una red de colaboradores locales a nivel mundial para que puedas disfrutar de tus viajes, experiencias y eventos sin preocuparte de la organizaci\u00f3n. Hoy en d\u00eda invertimos la mayor parte de nuestro tiempo a nuestras vidas profesionales y eso hace que no tengamos mucho tiempo libre para organizar nuestra vida social, ocio y vacaciones. \u00a1Ah\u00ed es cuando entramos nosotros!<\/span><\/p>\n<p><span style=\"font-weight: 400;\">En Atlast nos dedicamos a buscar los planes m\u00e1s originales para que t\u00fa los disfrutes, a la vez que queremos ser tu fuente de inspiraci\u00f3n para tus y proyectos m\u00e1s especiales.<\/span><\/p>\t\t\t\t\t\t\t\t<\/div>\n\t\t\t\t<\/div>\n\t\t\t\t\t<\/div>\n\t\t<\/div>\n\t\t\t\t<div class=\"elementor-column elementor-col-50 elementor-top-column elementor-element elementor-element-0433139\" data-id=\"0433139\" data-element_type=\"column\" data-settings=\"{&quot;background_background&quot;:&quot;classic&quot;}\">\n\t\t\t<div class=\"elementor-widget-wrap elementor-element-populated\">\n\t\t\t\t\t\t<div class=\"elementor-element elementor-element-ebf150a elementor-widget elementor-widget-image\" data-id=\"ebf150a\" data-element_type=\"widget\" data-widget_type=\"image.default\">\n\t\t\t\t<div class=\"elementor-widget-container\">\n\t\t\t\t\t\t\t\t\t\t\t\t\t\t\t<img fetchpriority=\"high\" decoding=\"async\" width=\"685\" height=\"1024\" src=\"https:\/\/atlast.agency\/wp-content\/uploads\/2022\/08\/pelayo-arbues-B1gDa1LjMG4-unsplash-685x1024.jpg\" class=\"attachment-large size-large wp-image-843\" alt=\"\" srcset=\"https:\/\/atlast.agency\/wp-content\/uploads\/2022\/08\/pelayo-arbues-B1gDa1LjMG4-unsplash-685x1024.jpg 685w, https:\/\/atlast.agency\/wp-content\/uploads\/2022\/08\/pelayo-arbues-B1gDa1LjMG4-unsplash-201x300.jpg 201w, https:\/\/atlast.agency\/wp-content\/uploads\/2022\/08\/pelayo-arbues-B1gDa1LjMG4-unsplash-768x1148.jpg 768w, https:\/\/atlast.agency\/wp-content\/uploads\/2022\/08\/pelayo-arbues-B1gDa1LjMG4-unsplash-1028x1536.jpg 1028w, https:\/\/atlast.agency\/wp-content\/uploads\/2022\/08\/pelayo-arbues-B1gDa1LjMG4-unsplash-1370x2048.jpg 1370w, https:\/\/atlast.agency\/wp-content\/uploads\/2022\/08\/pelayo-arbues-B1gDa1LjMG4-unsplash-scaled.jpg 1713w\" sizes=\"(max-width: 685px) 100vw, 685px\" \/>\t\t\t\t\t\t\t\t\t\t\t\t\t\t\t<\/div>\n\t\t\t\t<\/div>\n\t\t\t\t\t<\/div>\n\t\t<\/div>\n\t\t\t\t\t<\/div>\n\t\t<\/section>\n\t\t\t\t<section class=\"elementor-section elementor-top-section elementor-element elementor-element-60e7820 elementor-section-boxed elementor-section-height-default elementor-section-height-default\" data-id=\"60e7820\" data-element_type=\"section\" data-settings=\"{&quot;background_background&quot;:&quot;classic&quot;}\">\n\t\t\t\t\t\t<div class=\"elementor-container elementor-column-gap-default\">\n\t\t\t\t\t<div class=\"elementor-column elementor-col-50 elementor-top-column elementor-element elementor-element-3daee06\" data-id=\"3daee06\" data-element_type=\"column\">\n\t\t\t<div class=\"elementor-widget-wrap elementor-element-populated\">\n\t\t\t\t\t\t<div class=\"elementor-element elementor-element-2581b70 elementor-widget elementor-widget-heading\" data-id=\"2581b70\" data-element_type=\"widget\" data-widget_type=\"heading.default\">\n\t\t\t\t<div class=\"elementor-widget-container\">\n\t\t\t\t\t<h2 class=\"elementor-heading-title elementor-size-default\">\u00bfPor qu\u00e9 Atlast?<\/h2>\t\t\t\t<\/div>\n\t\t\t\t<\/div>\n\t\t\t\t<div class=\"elementor-element elementor-element-74e5e10 elementor-hidden-mobile elementor-widget elementor-widget-image\" data-id=\"74e5e10\" data-element_type=\"widget\" data-widget_type=\"image.default\">\n\t\t\t\t<div class=\"elementor-widget-container\">\n\t\t\t\t\t\t\t\t\t\t\t\t\t\t\t<img decoding=\"async\" width=\"676\" height=\"694\" src=\"https:\/\/atlast.agency\/wp-content\/uploads\/2022\/08\/RomeImage-1.png\" class=\"attachment-large size-large wp-image-836\" alt=\"\" srcset=\"https:\/\/atlast.agency\/wp-content\/uploads\/2022\/08\/RomeImage-1.png 676w, https:\/\/atlast.agency\/wp-content\/uploads\/2022\/08\/RomeImage-1-292x300.png 292w\" sizes=\"(max-width: 676px) 100vw, 676px\" \/>\t\t\t\t\t\t\t\t\t\t\t\t\t\t\t<\/div>\n\t\t\t\t<\/div>\n\t\t\t\t\t<\/div>\n\t\t<\/div>\n\t\t\t\t<div class=\"elementor-column elementor-col-50 elementor-top-column elementor-element elementor-element-8d7749c\" data-id=\"8d7749c\" data-element_type=\"column\">\n\t\t\t<div class=\"elementor-widget-wrap elementor-element-populated\">\n\t\t\t\t\t\t<div class=\"elementor-element elementor-element-51cb7a0 elementor-icon-list--layout-traditional elementor-list-item-link-full_width elementor-widget elementor-widget-icon-list\" data-id=\"51cb7a0\" data-element_type=\"widget\" data-widget_type=\"icon-list.default\">\n\t\t\t\t<div class=\"elementor-widget-container\">\n\t\t\t\t\t\t\t<ul class=\"elementor-icon-list-items\">\n\t\t\t\t\t\t\t<li class=\"elementor-icon-list-item\">\n\t\t\t\t\t\t\t\t\t\t<span class=\"elementor-icon-list-text\">Experiencias adaptadas y personalizadas<\/span>\n\t\t\t\t\t\t\t\t\t<\/li>\n\t\t\t\t\t\t\t\t<li class=\"elementor-icon-list-item\">\n\t\t\t\t\t\t\t\t\t\t<span class=\"elementor-icon-list-text\">Eventos \u00fanicos e inolvidables<\/span>\n\t\t\t\t\t\t\t\t\t<\/li>\n\t\t\t\t\t\t\t\t<li class=\"elementor-icon-list-item\">\n\t\t\t\t\t\t\t\t\t\t<span class=\"elementor-icon-list-text\">Viajes especiales y memorables<\/span>\n\t\t\t\t\t\t\t\t\t<\/li>\n\t\t\t\t\t\t\t\t<li class=\"elementor-icon-list-item\">\n\t\t\t\t\t\t\t\t\t\t<span class=\"elementor-icon-list-text\">Atenci\u00f3n al detalle individualizada<\/span>\n\t\t\t\t\t\t\t\t\t<\/li>\n\t\t\t\t\t\t\t\t<li class=\"elementor-icon-list-item\">\n\t\t\t\t\t\t\t\t\t\t<span class=\"elementor-icon-list-text\">Trato cercano y adaptabilidad<\/span>\n\t\t\t\t\t\t\t\t\t<\/li>\n\t\t\t\t\t\t\t\t<li class=\"elementor-icon-list-item\">\n\t\t\t\t\t\t\t\t\t\t<span class=\"elementor-icon-list-text\">Experiencia en la industria del turismo y hospitalidad<\/span>\n\t\t\t\t\t\t\t\t\t<\/li>\n\t\t\t\t\t\t\t\t<li class=\"elementor-icon-list-item\">\n\t\t\t\t\t\t\t\t\t\t<span class=\"elementor-icon-list-text\">Pasi\u00f3n por el sector<\/span>\n\t\t\t\t\t\t\t\t\t<\/li>\n\t\t\t\t\t\t<\/ul>\n\t\t\t\t\t\t<\/div>\n\t\t\t\t<\/div>\n\t\t\t\t\t<\/div>\n\t\t<\/div>\n\t\t\t\t\t<\/div>\n\t\t<\/section>\n\t\t\t\t<section class=\"elementor-section elementor-top-section elementor-element elementor-element-fea9aff elementor-section-full_width elementor-section-height-default elementor-section-height-default\" data-id=\"fea9aff\" data-element_type=\"section\">\n\t\t\t\t\t\t<div class=\"elementor-container elementor-column-gap-default\">\n\t\t\t\t\t<div class=\"elementor-column elementor-col-33 elementor-top-column elementor-element elementor-element-51054e0 hei3\" data-id=\"51054e0\" data-element_type=\"column\" data-settings=\"{&quot;background_background&quot;:&quot;classic&quot;}\">\n\t\t\t<div class=\"elementor-widget-wrap elementor-element-populated\">\n\t\t\t\t\t<div class=\"elementor-background-overlay\"><\/div>\n\t\t\t\t\t\t<div class=\"elementor-element elementor-element-47b00fa elementor-widget elementor-widget-heading\" data-id=\"47b00fa\" data-element_type=\"widget\" data-widget_type=\"heading.default\">\n\t\t\t\t<div class=\"elementor-widget-container\">\n\t\t\t\t\t<h2 class=\"elementor-heading-title elementor-size-default\">Organizaci\u00f3n de eventos<\/h2>\t\t\t\t<\/div>\n\t\t\t\t<\/div>\n\t\t\t\t<div class=\"elementor-element elementor-element-36fe151 elementor-widget elementor-widget-button\" data-id=\"36fe151\" data-element_type=\"widget\" data-widget_type=\"button.default\">\n\t\t\t\t<div class=\"elementor-widget-container\">\n\t\t\t\t\t\t\t\t\t<div class=\"elementor-button-wrapper\">\n\t\t\t\t\t<a class=\"elementor-button elementor-button-link elementor-size-sm elementor-animation-float\" href=\"https:\/\/atlast.agency\/es\/eventos\/\">\n\t\t\t\t\t\t<span class=\"elementor-button-content-wrapper\">\n\t\t\t\t\t\t<span class=\"elementor-button-icon\">\n\t\t\t\t<svg xmlns=\"http:\/\/www.w3.org\/2000\/svg\" width=\"29\" height=\"24\" viewBox=\"0 0 29 24\" fill=\"none\"><path d=\"M28.0607 13.0607C28.6464 12.4749 28.6464 11.5251 28.0607 10.9393L18.5147 1.3934C17.9289 0.807611 16.9792 0.807611 16.3934 1.3934C15.8076 1.97919 15.8076 2.92893 16.3934 3.51472L24.8787 12L16.3934 20.4853C15.8076 21.0711 15.8076 22.0208 16.3934 22.6066C16.9792 23.1924 17.9289 23.1924 18.5147 22.6066L28.0607 13.0607ZM0 13.5H27V10.5H0V13.5Z\" fill=\"white\"><\/path><\/svg>\t\t\t<\/span>\n\t\t\t\t\t\t\t\t\t<span class=\"elementor-button-text\">Planifica mi evento<\/span>\n\t\t\t\t\t<\/span>\n\t\t\t\t\t<\/a>\n\t\t\t\t<\/div>\n\t\t\t\t\t\t\t\t<\/div>\n\t\t\t\t<\/div>\n\t\t\t\t\t<\/div>\n\t\t<\/div>\n\t\t\t\t<div class=\"elementor-column elementor-col-33 elementor-top-column elementor-element elementor-element-62809c4 hei3\" data-id=\"62809c4\" data-element_type=\"column\" data-settings=\"{&quot;background_background&quot;:&quot;classic&quot;}\">\n\t\t\t<div class=\"elementor-widget-wrap elementor-element-populated\">\n\t\t\t\t\t<div class=\"elementor-background-overlay\"><\/div>\n\t\t\t\t\t\t<div class=\"elementor-element elementor-element-a081a59 elementor-widget elementor-widget-heading\" data-id=\"a081a59\" data-element_type=\"widget\" data-widget_type=\"heading.default\">\n\t\t\t\t<div class=\"elementor-widget-container\">\n\t\t\t\t\t<h2 class=\"elementor-heading-title elementor-size-default\">Viajes customizados<\/h2>\t\t\t\t<\/div>\n\t\t\t\t<\/div>\n\t\t\t\t<div class=\"elementor-element elementor-element-721b336 elementor-widget elementor-widget-button\" data-id=\"721b336\" data-element_type=\"widget\" data-widget_type=\"button.default\">\n\t\t\t\t<div class=\"elementor-widget-container\">\n\t\t\t\t\t\t\t\t\t<div class=\"elementor-button-wrapper\">\n\t\t\t\t\t<a class=\"elementor-button elementor-button-link elementor-size-sm elementor-animation-float\" href=\"https:\/\/atlast.agency\/es\/viajes-customizados\/\">\n\t\t\t\t\t\t<span class=\"elementor-button-content-wrapper\">\n\t\t\t\t\t\t<span class=\"elementor-button-icon\">\n\t\t\t\t<svg xmlns=\"http:\/\/www.w3.org\/2000\/svg\" width=\"29\" height=\"24\" viewBox=\"0 0 29 24\" fill=\"none\"><path d=\"M28.0607 13.0607C28.6464 12.4749 28.6464 11.5251 28.0607 10.9393L18.5147 1.3934C17.9289 0.807611 16.9792 0.807611 16.3934 1.3934C15.8076 1.97919 15.8076 2.92893 16.3934 3.51472L24.8787 12L16.3934 20.4853C15.8076 21.0711 15.8076 22.0208 16.3934 22.6066C16.9792 23.1924 17.9289 23.1924 18.5147 22.6066L28.0607 13.0607ZM0 13.5H27V10.5H0V13.5Z\" fill=\"white\"><\/path><\/svg>\t\t\t<\/span>\n\t\t\t\t\t\t\t\t\t<span class=\"elementor-button-text\">Organiza mi viaje<\/span>\n\t\t\t\t\t<\/span>\n\t\t\t\t\t<\/a>\n\t\t\t\t<\/div>\n\t\t\t\t\t\t\t\t<\/div>\n\t\t\t\t<\/div>\n\t\t\t\t\t<\/div>\n\t\t<\/div>\n\t\t\t\t<div class=\"elementor-column elementor-col-33 elementor-top-column elementor-element elementor-element-4b15eb6 hei3\" data-id=\"4b15eb6\" data-element_type=\"column\" data-settings=\"{&quot;background_background&quot;:&quot;classic&quot;}\">\n\t\t\t<div class=\"elementor-widget-wrap elementor-element-populated\">\n\t\t\t\t\t<div class=\"elementor-background-overlay\"><\/div>\n\t\t\t\t\t\t<div class=\"elementor-element elementor-element-6048108 elementor-widget elementor-widget-heading\" data-id=\"6048108\" data-element_type=\"widget\" data-widget_type=\"heading.default\">\n\t\t\t\t<div class=\"elementor-widget-container\">\n\t\t\t\t\t<h2 class=\"elementor-heading-title elementor-size-default\">Experiencias a medida<\/h2>\t\t\t\t<\/div>\n\t\t\t\t<\/div>\n\t\t\t\t<div class=\"elementor-element elementor-element-0273b85 elementor-widget elementor-widget-button\" data-id=\"0273b85\" data-element_type=\"widget\" data-widget_type=\"button.default\">\n\t\t\t\t<div class=\"elementor-widget-container\">\n\t\t\t\t\t\t\t\t\t<div class=\"elementor-button-wrapper\">\n\t\t\t\t\t<a class=\"elementor-button elementor-button-link elementor-size-sm elementor-animation-float\" href=\"https:\/\/atlast.agency\/es\/experiencias\/\">\n\t\t\t\t\t\t<span class=\"elementor-button-content-wrapper\">\n\t\t\t\t\t\t<span class=\"elementor-button-icon\">\n\t\t\t\t<svg xmlns=\"http:\/\/www.w3.org\/2000\/svg\" width=\"29\" height=\"24\" viewBox=\"0 0 29 24\" fill=\"none\"><path d=\"M28.0607 13.0607C28.6464 12.4749 28.6464 11.5251 28.0607 10.9393L18.5147 1.3934C17.9289 0.807611 16.9792 0.807611 16.3934 1.3934C15.8076 1.97919 15.8076 2.92893 16.3934 3.51472L24.8787 12L16.3934 20.4853C15.8076 21.0711 15.8076 22.0208 16.3934 22.6066C16.9792 23.1924 17.9289 23.1924 18.5147 22.6066L28.0607 13.0607ZM0 13.5H27V10.5H0V13.5Z\" fill=\"white\"><\/path><\/svg>\t\t\t<\/span>\n\t\t\t\t\t\t\t\t\t<span class=\"elementor-button-text\">Descubre m\u00e1s<\/span>\n\t\t\t\t\t<\/span>\n\t\t\t\t\t<\/a>\n\t\t\t\t<\/div>\n\t\t\t\t\t\t\t\t<\/div>\n\t\t\t\t<\/div>\n\t\t\t\t\t<\/div>\n\t\t<\/div>\n\t\t\t\t\t<\/div>\n\t\t<\/section>\n\t\t\t\t<\/div>\n\t\t","protected":false},"excerpt":{"rendered":"<p>Atlast nace de la intenci\u00f3n de convertir un hobby en un beneficio para los dem\u00e1s. Somos un equipo joven con una afici\u00f3n com\u00fan: viajar y conocer diferentes culturas. Nos gusta que nuestros viajes nos ayuden a integrarnos en los lugares que visitamos y nos acerquen a la vida local. Por eso trabajamos con una red [&hellip;]<\/p>\n","protected":false},"author":1,"featured_media":0,"parent":0,"menu_order":0,"comment_status":"closed","ping_status":"closed","template":"","meta":{"footnotes":""},"class_list":["post-750","page","type-page","status-publish","hentry"],"acf":[],"yoast_head":"<!-- This site is optimized with the Yoast SEO Premium plugin v18.3 (Yoast SEO v24.2) - https:\/\/yoast.com\/wordpress\/plugins\/seo\/ -->\n<title>Nosotros - Atlast Agency<\/title>\n<meta name=\"robots\" content=\"index, follow, max-snippet:-1, max-image-preview:large, max-video-preview:-1\" \/>\n<link rel=\"canonical\" href=\"https:\/\/atlast.agency\/es\/sobre-nosotros\/\" \/>\n<meta property=\"og:locale\" content=\"es_ES\" \/>\n<meta property=\"og:type\" content=\"article\" \/>\n<meta property=\"og:title\" content=\"Nosotros\" \/>\n<meta property=\"og:description\" content=\"Atlast nace de la intenci\u00f3n de convertir un hobby en un beneficio para los dem\u00e1s. Somos un equipo joven con una afici\u00f3n com\u00fan: viajar y conocer diferentes culturas. Nos gusta que nuestros viajes nos ayuden a integrarnos en los lugares que visitamos y nos acerquen a la vida local. Por eso trabajamos con una red [&hellip;]\" \/>\n<meta property=\"og:url\" content=\"https:\/\/atlast.agency\/es\/sobre-nosotros\/\" \/>\n<meta property=\"og:site_name\" content=\"Atlast Agency\" \/>\n<meta property=\"article:modified_time\" content=\"2024-04-22T18:39:25+00:00\" \/>\n<meta property=\"og:image\" content=\"https:\/\/atlast.agency\/wp-content\/uploads\/2022\/08\/pelayo-arbues-B1gDa1LjMG4-unsplash-685x1024.jpg\" \/>\n<meta name=\"twitter:card\" content=\"summary_large_image\" \/>\n<meta name=\"twitter:label1\" content=\"Tiempo de lectura\" \/>\n\t<meta name=\"twitter:data1\" content=\"2 minutos\" \/>\n<script type=\"application\/ld+json\" class=\"yoast-schema-graph\">{\"@context\":\"https:\/\/schema.org\",\"@graph\":[{\"@type\":\"WebPage\",\"@id\":\"https:\/\/atlast.agency\/es\/sobre-nosotros\/\",\"url\":\"https:\/\/atlast.agency\/es\/sobre-nosotros\/\",\"name\":\"Nosotros - Atlast Agency\",\"isPartOf\":{\"@id\":\"https:\/\/atlast.agency\/#website\"},\"primaryImageOfPage\":{\"@id\":\"https:\/\/atlast.agency\/es\/sobre-nosotros\/#primaryimage\"},\"image\":{\"@id\":\"https:\/\/atlast.agency\/es\/sobre-nosotros\/#primaryimage\"},\"thumbnailUrl\":\"https:\/\/atlast.agency\/wp-content\/uploads\/2022\/08\/pelayo-arbues-B1gDa1LjMG4-unsplash-685x1024.jpg\",\"datePublished\":\"2022-07-04T07:10:34+00:00\",\"dateModified\":\"2024-04-22T18:39:25+00:00\",\"breadcrumb\":{\"@id\":\"https:\/\/atlast.agency\/es\/sobre-nosotros\/#breadcrumb\"},\"inLanguage\":\"es\",\"potentialAction\":[{\"@type\":\"ReadAction\",\"target\":[\"https:\/\/atlast.agency\/es\/sobre-nosotros\/\"]}]},{\"@type\":\"ImageObject\",\"inLanguage\":\"es\",\"@id\":\"https:\/\/atlast.agency\/es\/sobre-nosotros\/#primaryimage\",\"url\":\"https:\/\/atlast.agency\/wp-content\/uploads\/2022\/08\/pelayo-arbues-B1gDa1LjMG4-unsplash-685x1024.jpg\",\"contentUrl\":\"https:\/\/atlast.agency\/wp-content\/uploads\/2022\/08\/pelayo-arbues-B1gDa1LjMG4-unsplash-685x1024.jpg\"},{\"@type\":\"BreadcrumbList\",\"@id\":\"https:\/\/atlast.agency\/es\/sobre-nosotros\/#breadcrumb\",\"itemListElement\":[{\"@type\":\"ListItem\",\"position\":1,\"name\":\"Home\",\"item\":\"https:\/\/atlast.agency\/es\/\"},{\"@type\":\"ListItem\",\"position\":2,\"name\":\"Nosotros\"}]},{\"@type\":\"WebSite\",\"@id\":\"https:\/\/atlast.agency\/#website\",\"url\":\"https:\/\/atlast.agency\/\",\"name\":\"Atlast Agency\",\"description\":\"\",\"potentialAction\":[{\"@type\":\"SearchAction\",\"target\":{\"@type\":\"EntryPoint\",\"urlTemplate\":\"https:\/\/atlast.agency\/?s={search_term_string}\"},\"query-input\":{\"@type\":\"PropertyValueSpecification\",\"valueRequired\":true,\"valueName\":\"search_term_string\"}}],\"inLanguage\":\"es\"}]}<\/script>\n<!-- \/ Yoast SEO Premium plugin. -->","yoast_head_json":{"title":"Nosotros - Atlast Agency","robots":{"index":"index","follow":"follow","max-snippet":"max-snippet:-1","max-image-preview":"max-image-preview:large","max-video-preview":"max-video-preview:-1"},"canonical":"https:\/\/atlast.agency\/es\/sobre-nosotros\/","og_locale":"es_ES","og_type":"article","og_title":"Nosotros","og_description":"Atlast nace de la intenci\u00f3n de convertir un hobby en un beneficio para los dem\u00e1s. Somos un equipo joven con una afici\u00f3n com\u00fan: viajar y conocer diferentes culturas. Nos gusta que nuestros viajes nos ayuden a integrarnos en los lugares que visitamos y nos acerquen a la vida local. Por eso trabajamos con una red [&hellip;]","og_url":"https:\/\/atlast.agency\/es\/sobre-nosotros\/","og_site_name":"Atlast Agency","article_modified_time":"2024-04-22T18:39:25+00:00","og_image":[{"url":"https:\/\/atlast.agency\/wp-content\/uploads\/2022\/08\/pelayo-arbues-B1gDa1LjMG4-unsplash-685x1024.jpg","type":"","width":"","height":""}],"twitter_card":"summary_large_image","twitter_misc":{"Tiempo de lectura":"2 minutos"},"schema":{"@context":"https:\/\/schema.org","@graph":[{"@type":"WebPage","@id":"https:\/\/atlast.agency\/es\/sobre-nosotros\/","url":"https:\/\/atlast.agency\/es\/sobre-nosotros\/","name":"Nosotros - Atlast Agency","isPartOf":{"@id":"https:\/\/atlast.agency\/#website"},"primaryImageOfPage":{"@id":"https:\/\/atlast.agency\/es\/sobre-nosotros\/#primaryimage"},"image":{"@id":"https:\/\/atlast.agency\/es\/sobre-nosotros\/#primaryimage"},"thumbnailUrl":"https:\/\/atlast.agency\/wp-content\/uploads\/2022\/08\/pelayo-arbues-B1gDa1LjMG4-unsplash-685x1024.jpg","datePublished":"2022-07-04T07:10:34+00:00","dateModified":"2024-04-22T18:39:25+00:00","breadcrumb":{"@id":"https:\/\/atlast.agency\/es\/sobre-nosotros\/#breadcrumb"},"inLanguage":"es","potentialAction":[{"@type":"ReadAction","target":["https:\/\/atlast.agency\/es\/sobre-nosotros\/"]}]},{"@type":"ImageObject","inLanguage":"es","@id":"https:\/\/atlast.agency\/es\/sobre-nosotros\/#primaryimage","url":"https:\/\/atlast.agency\/wp-content\/uploads\/2022\/08\/pelayo-arbues-B1gDa1LjMG4-unsplash-685x1024.jpg","contentUrl":"https:\/\/atlast.agency\/wp-content\/uploads\/2022\/08\/pelayo-arbues-B1gDa1LjMG4-unsplash-685x1024.jpg"},{"@type":"BreadcrumbList","@id":"https:\/\/atlast.agency\/es\/sobre-nosotros\/#breadcrumb","itemListElement":[{"@type":"ListItem","position":1,"name":"Home","item":"https:\/\/atlast.agency\/es\/"},{"@type":"ListItem","position":2,"name":"Nosotros"}]},{"@type":"WebSite","@id":"https:\/\/atlast.agency\/#website","url":"https:\/\/atlast.agency\/","name":"Atlast Agency","description":"","potentialAction":[{"@type":"SearchAction","target":{"@type":"EntryPoint","urlTemplate":"https:\/\/atlast.agency\/?s={search_term_string}"},"query-input":{"@type":"PropertyValueSpecification","valueRequired":true,"valueName":"search_term_string"}}],"inLanguage":"es"}]}},"jetpack_sharing_enabled":true,"_links":{"self":[{"href":"https:\/\/atlast.agency\/es\/wp-json\/wp\/v2\/pages\/750","targetHints":{"allow":["GET"]}}],"collection":[{"href":"https:\/\/atlast.agency\/es\/wp-json\/wp\/v2\/pages"}],"about":[{"href":"https:\/\/atlast.agency\/es\/wp-json\/wp\/v2\/types\/page"}],"author":[{"embeddable":true,"href":"https:\/\/atlast.agency\/es\/wp-json\/wp\/v2\/users\/1"}],"replies":[{"embeddable":true,"href":"https:\/\/atlast.agency\/es\/wp-json\/wp\/v2\/comments?post=750"}],"version-history":[{"count":10,"href":"https:\/\/atlast.agency\/es\/wp-json\/wp\/v2\/pages\/750\/revisions"}],"predecessor-version":[{"id":2266,"href":"https:\/\/atlast.agency\/es\/wp-json\/wp\/v2\/pages\/750\/revisions\/2266"}],"wp:attachment":[{"href":"https:\/\/atlast.agency\/es\/wp-json\/wp\/v2\/media?parent=750"}],"curies":[{"name":"wp","href":"https:\/\/api.w.org\/{rel}","templated":true}]}}