{"id":756,"date":"2022-07-12T09:27:18","date_gmt":"2022-07-12T09:27:18","guid":{"rendered":"https:\/\/atlast.agency\/viajes-customizados\/"},"modified":"2024-04-22T18:37:55","modified_gmt":"2024-04-22T18:37:55","slug":"viajes-customizados","status":"publish","type":"page","link":"https:\/\/atlast.agency\/es\/viajes-customizados\/","title":{"rendered":"Viajes"},"content":{"rendered":"\t\t<div data-elementor-type=\"wp-page\" data-elementor-id=\"756\" class=\"elementor elementor-756 elementor-274\" data-elementor-post-type=\"page\">\n\t\t\t\t\t\t<section class=\"elementor-section elementor-top-section elementor-element elementor-element-aab14c1 elementor-section-full_width elementor-section-height-default elementor-section-height-default\" data-id=\"aab14c1\" data-element_type=\"section\" data-settings=\"{&quot;background_background&quot;:&quot;classic&quot;}\">\n\t\t\t\t\t\t<div class=\"elementor-container elementor-column-gap-default\">\n\t\t\t\t\t<div class=\"elementor-column elementor-col-50 elementor-top-column elementor-element elementor-element-63bdf28 hei2\" data-id=\"63bdf28\" data-element_type=\"column\">\n\t\t\t<div class=\"elementor-widget-wrap elementor-element-populated\">\n\t\t\t\t\t\t<div class=\"elementor-element elementor-element-713ba9c elementor-invisible elementor-widget elementor-widget-heading\" data-id=\"713ba9c\" data-element_type=\"widget\" data-settings=\"{&quot;_animation&quot;:&quot;fadeInUp&quot;}\" data-widget_type=\"heading.default\">\n\t\t\t\t<div class=\"elementor-widget-container\">\n\t\t\t\t\t<h2 class=\"elementor-heading-title elementor-size-default\">Viajes customizados<\/h2>\t\t\t\t<\/div>\n\t\t\t\t<\/div>\n\t\t\t\t<div class=\"elementor-element elementor-element-433cf2f elementor-invisible elementor-widget elementor-widget-text-editor\" data-id=\"433cf2f\" data-element_type=\"widget\" data-settings=\"{&quot;_animation&quot;:&quot;fadeIn&quot;}\" data-widget_type=\"text-editor.default\">\n\t\t\t\t<div class=\"elementor-widget-container\">\n\t\t\t\t\t\t\t\t\t<p><span style=\"font-weight: 400;\">Explora el mundo como un local gracias a nuestras rutas personalizadas. No importa la duraci\u00f3n de tu viaje, si no tienes tiempo que perder en consultar gu\u00edas tur\u00edsticas preestablecidas o, simplemente, prefieres alejarte de los viajes convencionales, ofrecemos recomendaciones para que solo tre centres en disfrutar de tus vacaciones. <\/span><\/p>\n<p><span style=\"font-weight: 400;\">Adaptamos tu estancia de acuerdo a tus gustos y preferencias y nos hacemos cargo de todo el proceso de tu viaje: recomendaciones de destinos, propuesta de reservas de desplazamientos y alojamientos, actividades de ocio o recomendaciones gastron\u00f3micas, con la finalidad de hacer que tu viaje sea inolvidable. <\/span><\/p>\n\t\t\t\t\t\t\t\t<\/div>\n\t\t\t\t<\/div>\n\t\t\t\t<div class=\"elementor-element elementor-element-44698fb elementor-align-right elementor-invisible elementor-widget elementor-widget-button\" data-id=\"44698fb\" data-element_type=\"widget\" data-settings=\"{&quot;_animation&quot;:&quot;fadeIn&quot;}\" data-widget_type=\"button.default\">\n\t\t\t\t<div class=\"elementor-widget-container\">\n\t\t\t\t\t\t\t\t\t<div class=\"elementor-button-wrapper\">\n\t\t\t\t\t<a class=\"elementor-button elementor-button-link elementor-size-sm elementor-animation-float\" href=\"https:\/\/atlast.agency\/es\/contacto\/\">\n\t\t\t\t\t\t<span class=\"elementor-button-content-wrapper\">\n\t\t\t\t\t\t\t\t\t<span class=\"elementor-button-text\">\u00a1Ponte en contacto!<\/span>\n\t\t\t\t\t<\/span>\n\t\t\t\t\t<\/a>\n\t\t\t\t<\/div>\n\t\t\t\t\t\t\t\t<\/div>\n\t\t\t\t<\/div>\n\t\t\t\t\t<\/div>\n\t\t<\/div>\n\t\t\t\t<div class=\"elementor-column elementor-col-50 elementor-top-column elementor-element elementor-element-0433139 hei2\" data-id=\"0433139\" data-element_type=\"column\" data-settings=\"{&quot;background_background&quot;:&quot;classic&quot;}\">\n\t\t\t<div class=\"elementor-widget-wrap\">\n\t\t\t\t\t\t\t<\/div>\n\t\t<\/div>\n\t\t\t\t\t<\/div>\n\t\t<\/section>\n\t\t\t\t<\/div>\n\t\t","protected":false},"excerpt":{"rendered":"<p>Viajes customizados Explora el mundo como un local gracias a nuestras rutas personalizadas. No importa la duraci\u00f3n de tu viaje, si no tienes tiempo que perder en consultar gu\u00edas tur\u00edsticas preestablecidas o, simplemente, prefieres alejarte de los viajes convencionales, ofrecemos recomendaciones para que solo tre centres en disfrutar de tus vacaciones. Adaptamos tu estancia de [&hellip;]<\/p>\n","protected":false},"author":4,"featured_media":0,"parent":0,"menu_order":0,"comment_status":"closed","ping_status":"closed","template":"","meta":{"footnotes":""},"class_list":["post-756","page","type-page","status-publish","hentry"],"acf":[],"yoast_head":"<!-- This site is optimized with the Yoast SEO Premium plugin v18.3 (Yoast SEO v24.2) - https:\/\/yoast.com\/wordpress\/plugins\/seo\/ -->\n<title>Viajes - Atlast Agency<\/title>\n<meta name=\"robots\" content=\"index, follow, max-snippet:-1, max-image-preview:large, max-video-preview:-1\" \/>\n<link rel=\"canonical\" href=\"https:\/\/atlast.agency\/es\/viajes-customizados\/\" \/>\n<meta property=\"og:locale\" content=\"es_ES\" \/>\n<meta property=\"og:type\" content=\"article\" \/>\n<meta property=\"og:title\" content=\"Viajes\" \/>\n<meta property=\"og:description\" content=\"Viajes customizados Explora el mundo como un local gracias a nuestras rutas personalizadas. No importa la duraci\u00f3n de tu viaje, si no tienes tiempo que perder en consultar gu\u00edas tur\u00edsticas preestablecidas o, simplemente, prefieres alejarte de los viajes convencionales, ofrecemos recomendaciones para que solo tre centres en disfrutar de tus vacaciones. Adaptamos tu estancia de [&hellip;]\" \/>\n<meta property=\"og:url\" content=\"https:\/\/atlast.agency\/es\/viajes-customizados\/\" \/>\n<meta property=\"og:site_name\" content=\"Atlast Agency\" \/>\n<meta property=\"article:modified_time\" content=\"2024-04-22T18:37:55+00:00\" \/>\n<meta name=\"twitter:card\" content=\"summary_large_image\" \/>\n<meta name=\"twitter:label1\" content=\"Tiempo de lectura\" \/>\n\t<meta name=\"twitter:data1\" content=\"1 minuto\" \/>\n<script type=\"application\/ld+json\" class=\"yoast-schema-graph\">{\"@context\":\"https:\/\/schema.org\",\"@graph\":[{\"@type\":\"WebPage\",\"@id\":\"https:\/\/atlast.agency\/es\/viajes-customizados\/\",\"url\":\"https:\/\/atlast.agency\/es\/viajes-customizados\/\",\"name\":\"Viajes - Atlast Agency\",\"isPartOf\":{\"@id\":\"https:\/\/atlast.agency\/#website\"},\"datePublished\":\"2022-07-12T09:27:18+00:00\",\"dateModified\":\"2024-04-22T18:37:55+00:00\",\"breadcrumb\":{\"@id\":\"https:\/\/atlast.agency\/es\/viajes-customizados\/#breadcrumb\"},\"inLanguage\":\"es\",\"potentialAction\":[{\"@type\":\"ReadAction\",\"target\":[\"https:\/\/atlast.agency\/es\/viajes-customizados\/\"]}]},{\"@type\":\"BreadcrumbList\",\"@id\":\"https:\/\/atlast.agency\/es\/viajes-customizados\/#breadcrumb\",\"itemListElement\":[{\"@type\":\"ListItem\",\"position\":1,\"name\":\"Home\",\"item\":\"https:\/\/atlast.agency\/es\/\"},{\"@type\":\"ListItem\",\"position\":2,\"name\":\"Viajes\"}]},{\"@type\":\"WebSite\",\"@id\":\"https:\/\/atlast.agency\/#website\",\"url\":\"https:\/\/atlast.agency\/\",\"name\":\"Atlast Agency\",\"description\":\"\",\"potentialAction\":[{\"@type\":\"SearchAction\",\"target\":{\"@type\":\"EntryPoint\",\"urlTemplate\":\"https:\/\/atlast.agency\/?s={search_term_string}\"},\"query-input\":{\"@type\":\"PropertyValueSpecification\",\"valueRequired\":true,\"valueName\":\"search_term_string\"}}],\"inLanguage\":\"es\"}]}<\/script>\n<!-- \/ Yoast SEO Premium plugin. -->","yoast_head_json":{"title":"Viajes - Atlast Agency","robots":{"index":"index","follow":"follow","max-snippet":"max-snippet:-1","max-image-preview":"max-image-preview:large","max-video-preview":"max-video-preview:-1"},"canonical":"https:\/\/atlast.agency\/es\/viajes-customizados\/","og_locale":"es_ES","og_type":"article","og_title":"Viajes","og_description":"Viajes customizados Explora el mundo como un local gracias a nuestras rutas personalizadas. No importa la duraci\u00f3n de tu viaje, si no tienes tiempo que perder en consultar gu\u00edas tur\u00edsticas preestablecidas o, simplemente, prefieres alejarte de los viajes convencionales, ofrecemos recomendaciones para que solo tre centres en disfrutar de tus vacaciones. Adaptamos tu estancia de [&hellip;]","og_url":"https:\/\/atlast.agency\/es\/viajes-customizados\/","og_site_name":"Atlast Agency","article_modified_time":"2024-04-22T18:37:55+00:00","twitter_card":"summary_large_image","twitter_misc":{"Tiempo de lectura":"1 minuto"},"schema":{"@context":"https:\/\/schema.org","@graph":[{"@type":"WebPage","@id":"https:\/\/atlast.agency\/es\/viajes-customizados\/","url":"https:\/\/atlast.agency\/es\/viajes-customizados\/","name":"Viajes - Atlast Agency","isPartOf":{"@id":"https:\/\/atlast.agency\/#website"},"datePublished":"2022-07-12T09:27:18+00:00","dateModified":"2024-04-22T18:37:55+00:00","breadcrumb":{"@id":"https:\/\/atlast.agency\/es\/viajes-customizados\/#breadcrumb"},"inLanguage":"es","potentialAction":[{"@type":"ReadAction","target":["https:\/\/atlast.agency\/es\/viajes-customizados\/"]}]},{"@type":"BreadcrumbList","@id":"https:\/\/atlast.agency\/es\/viajes-customizados\/#breadcrumb","itemListElement":[{"@type":"ListItem","position":1,"name":"Home","item":"https:\/\/atlast.agency\/es\/"},{"@type":"ListItem","position":2,"name":"Viajes"}]},{"@type":"WebSite","@id":"https:\/\/atlast.agency\/#website","url":"https:\/\/atlast.agency\/","name":"Atlast Agency","description":"","potentialAction":[{"@type":"SearchAction","target":{"@type":"EntryPoint","urlTemplate":"https:\/\/atlast.agency\/?s={search_term_string}"},"query-input":{"@type":"PropertyValueSpecification","valueRequired":true,"valueName":"search_term_string"}}],"inLanguage":"es"}]}},"jetpack_sharing_enabled":true,"_links":{"self":[{"href":"https:\/\/atlast.agency\/es\/wp-json\/wp\/v2\/pages\/756","targetHints":{"allow":["GET"]}}],"collection":[{"href":"https:\/\/atlast.agency\/es\/wp-json\/wp\/v2\/pages"}],"about":[{"href":"https:\/\/atlast.agency\/es\/wp-json\/wp\/v2\/types\/page"}],"author":[{"embeddable":true,"href":"https:\/\/atlast.agency\/es\/wp-json\/wp\/v2\/users\/4"}],"replies":[{"embeddable":true,"href":"https:\/\/atlast.agency\/es\/wp-json\/wp\/v2\/comments?post=756"}],"version-history":[{"count":6,"href":"https:\/\/atlast.agency\/es\/wp-json\/wp\/v2\/pages\/756\/revisions"}],"predecessor-version":[{"id":2265,"href":"https:\/\/atlast.agency\/es\/wp-json\/wp\/v2\/pages\/756\/revisions\/2265"}],"wp:attachment":[{"href":"https:\/\/atlast.agency\/es\/wp-json\/wp\/v2\/media?parent=756"}],"curies":[{"name":"wp","href":"https:\/\/api.w.org\/{rel}","templated":true}]}}