{"id":758,"date":"2022-07-04T09:09:47","date_gmt":"2022-07-04T09:09:47","guid":{"rendered":"https:\/\/atlast.agency\/eventos\/"},"modified":"2022-08-17T09:50:43","modified_gmt":"2022-08-17T09:50:43","slug":"eventos","status":"publish","type":"page","link":"https:\/\/atlast.agency\/es\/eventos\/","title":{"rendered":"Eventos"},"content":{"rendered":"\t\t<div data-elementor-type=\"wp-page\" data-elementor-id=\"758\" class=\"elementor elementor-758 elementor-48\" data-elementor-post-type=\"page\">\n\t\t\t\t\t\t<section class=\"elementor-section elementor-top-section elementor-element elementor-element-90dc5d4 elementor-section-full_width elementor-section-height-default elementor-section-height-default\" data-id=\"90dc5d4\" data-element_type=\"section\" data-settings=\"{&quot;background_background&quot;:&quot;classic&quot;}\">\n\t\t\t\t\t\t<div class=\"elementor-container elementor-column-gap-default\">\n\t\t\t\t\t<div class=\"elementor-column elementor-col-50 elementor-top-column elementor-element elementor-element-2c3184b\" data-id=\"2c3184b\" data-element_type=\"column\">\n\t\t\t<div class=\"elementor-widget-wrap elementor-element-populated\">\n\t\t\t\t\t\t<div class=\"elementor-element elementor-element-3109071 elementor-invisible elementor-widget elementor-widget-heading\" data-id=\"3109071\" data-element_type=\"widget\" data-settings=\"{&quot;_animation&quot;:&quot;fadeInUp&quot;}\" data-widget_type=\"heading.default\">\n\t\t\t\t<div class=\"elementor-widget-container\">\n\t\t\t\t\t<h2 class=\"elementor-heading-title elementor-size-default\">Organizaci\u00f3n de eventos<\/h2>\t\t\t\t<\/div>\n\t\t\t\t<\/div>\n\t\t\t\t<div class=\"elementor-element elementor-element-43e544b elementor-invisible elementor-widget elementor-widget-text-editor\" data-id=\"43e544b\" data-element_type=\"widget\" data-settings=\"{&quot;_animation&quot;:&quot;fadeIn&quot;}\" data-widget_type=\"text-editor.default\">\n\t\t\t\t<div class=\"elementor-widget-container\">\n\t\t\t\t\t\t\t\t\t<p><span style=\"font-weight: 400;\">En Atlast ofrecemos asesoramiento y gesti\u00f3n para que tus eventos sean \u00fanicos y especiales. Nuestros servicios siempre se adaptan a tus necesidades, incluyendo: selecci\u00f3n y contrataci\u00f3n de espacios, dise\u00f1o o alquiler de mobiliario, estrategias de dinamizaci\u00f3n y actividades, catering, dise\u00f1o de invitaciones y aplicativos, servicio de fotogaf\u00eda y v\u00eddeo y arreglos florales<\/span><span style=\"font-weight: 400;\">. De esta manera nos aseguramos siempre de que tu evento sea un \u00e9xito. <\/span><\/p><p><span style=\"font-weight: 400;\">Desde eventos empresariales, team buildings, celebraciones de cumplea\u00f1os hasta cenas \u00edntimas en casa con tu propio chef privado, nos encargamos de cada detalle antes, durante y despu\u00e9s para crear momentos memorables donde solo tendr\u00e1s que centrarte en pas\u00e1rtelo bien con tus invitados. <\/span><\/p>\t\t\t\t\t\t\t\t<\/div>\n\t\t\t\t<\/div>\n\t\t\t\t<div class=\"elementor-element elementor-element-c1436b6 elementor-align-right elementor-invisible elementor-widget elementor-widget-button\" data-id=\"c1436b6\" data-element_type=\"widget\" data-settings=\"{&quot;_animation&quot;:&quot;fadeIn&quot;}\" data-widget_type=\"button.default\">\n\t\t\t\t<div class=\"elementor-widget-container\">\n\t\t\t\t\t\t\t\t\t<div class=\"elementor-button-wrapper\">\n\t\t\t\t\t<a class=\"elementor-button elementor-button-link elementor-size-sm elementor-animation-float\" href=\"https:\/\/atlast.agency\/es\/contacto\/\">\n\t\t\t\t\t\t<span class=\"elementor-button-content-wrapper\">\n\t\t\t\t\t\t\t\t\t<span class=\"elementor-button-text\">\u00a1Ponte en contacto!<\/span>\n\t\t\t\t\t<\/span>\n\t\t\t\t\t<\/a>\n\t\t\t\t<\/div>\n\t\t\t\t\t\t\t\t<\/div>\n\t\t\t\t<\/div>\n\t\t\t\t\t<\/div>\n\t\t<\/div>\n\t\t\t\t<div class=\"elementor-column elementor-col-50 elementor-top-column elementor-element elementor-element-4daa359 hei2\" data-id=\"4daa359\" data-element_type=\"column\" data-settings=\"{&quot;background_background&quot;:&quot;classic&quot;}\">\n\t\t\t<div class=\"elementor-widget-wrap\">\n\t\t\t\t\t\t\t<\/div>\n\t\t<\/div>\n\t\t\t\t\t<\/div>\n\t\t<\/section>\n\t\t\t\t<\/div>\n\t\t","protected":false},"excerpt":{"rendered":"<p>Organizaci\u00f3n de eventos En Atlast ofrecemos asesoramiento y gesti\u00f3n para que tus eventos sean \u00fanicos y especiales. Nuestros servicios siempre se adaptan a tus necesidades, incluyendo: selecci\u00f3n y contrataci\u00f3n de espacios, dise\u00f1o o alquiler de mobiliario, estrategias de dinamizaci\u00f3n y actividades, catering, dise\u00f1o de invitaciones y aplicativos, servicio de fotogaf\u00eda y v\u00eddeo y arreglos florales. [&hellip;]<\/p>\n","protected":false},"author":1,"featured_media":0,"parent":0,"menu_order":0,"comment_status":"closed","ping_status":"closed","template":"","meta":{"footnotes":""},"class_list":["post-758","page","type-page","status-publish","hentry"],"acf":[],"yoast_head":"<!-- This site is optimized with the Yoast SEO Premium plugin v18.3 (Yoast SEO v24.2) - https:\/\/yoast.com\/wordpress\/plugins\/seo\/ -->\n<title>Eventos - Atlast Agency<\/title>\n<meta name=\"robots\" content=\"index, follow, max-snippet:-1, max-image-preview:large, max-video-preview:-1\" \/>\n<link rel=\"canonical\" href=\"https:\/\/atlast.agency\/es\/eventos\/\" \/>\n<meta property=\"og:locale\" content=\"es_ES\" \/>\n<meta property=\"og:type\" content=\"article\" \/>\n<meta property=\"og:title\" content=\"Eventos\" \/>\n<meta property=\"og:description\" content=\"Organizaci\u00f3n de eventos En Atlast ofrecemos asesoramiento y gesti\u00f3n para que tus eventos sean \u00fanicos y especiales. Nuestros servicios siempre se adaptan a tus necesidades, incluyendo: selecci\u00f3n y contrataci\u00f3n de espacios, dise\u00f1o o alquiler de mobiliario, estrategias de dinamizaci\u00f3n y actividades, catering, dise\u00f1o de invitaciones y aplicativos, servicio de fotogaf\u00eda y v\u00eddeo y arreglos florales. [&hellip;]\" \/>\n<meta property=\"og:url\" content=\"https:\/\/atlast.agency\/es\/eventos\/\" \/>\n<meta property=\"og:site_name\" content=\"Atlast Agency\" \/>\n<meta property=\"article:modified_time\" content=\"2022-08-17T09:50:43+00:00\" \/>\n<meta name=\"twitter:card\" content=\"summary_large_image\" \/>\n<meta name=\"twitter:label1\" content=\"Tiempo de lectura\" \/>\n\t<meta name=\"twitter:data1\" content=\"1 minuto\" \/>\n<script type=\"application\/ld+json\" class=\"yoast-schema-graph\">{\"@context\":\"https:\/\/schema.org\",\"@graph\":[{\"@type\":\"WebPage\",\"@id\":\"https:\/\/atlast.agency\/es\/eventos\/\",\"url\":\"https:\/\/atlast.agency\/es\/eventos\/\",\"name\":\"Eventos - Atlast Agency\",\"isPartOf\":{\"@id\":\"https:\/\/atlast.agency\/#website\"},\"datePublished\":\"2022-07-04T09:09:47+00:00\",\"dateModified\":\"2022-08-17T09:50:43+00:00\",\"breadcrumb\":{\"@id\":\"https:\/\/atlast.agency\/es\/eventos\/#breadcrumb\"},\"inLanguage\":\"es\",\"potentialAction\":[{\"@type\":\"ReadAction\",\"target\":[\"https:\/\/atlast.agency\/es\/eventos\/\"]}]},{\"@type\":\"BreadcrumbList\",\"@id\":\"https:\/\/atlast.agency\/es\/eventos\/#breadcrumb\",\"itemListElement\":[{\"@type\":\"ListItem\",\"position\":1,\"name\":\"Home\",\"item\":\"https:\/\/atlast.agency\/es\/\"},{\"@type\":\"ListItem\",\"position\":2,\"name\":\"Eventos\"}]},{\"@type\":\"WebSite\",\"@id\":\"https:\/\/atlast.agency\/#website\",\"url\":\"https:\/\/atlast.agency\/\",\"name\":\"Atlast Agency\",\"description\":\"\",\"potentialAction\":[{\"@type\":\"SearchAction\",\"target\":{\"@type\":\"EntryPoint\",\"urlTemplate\":\"https:\/\/atlast.agency\/?s={search_term_string}\"},\"query-input\":{\"@type\":\"PropertyValueSpecification\",\"valueRequired\":true,\"valueName\":\"search_term_string\"}}],\"inLanguage\":\"es\"}]}<\/script>\n<!-- \/ Yoast SEO Premium plugin. -->","yoast_head_json":{"title":"Eventos - Atlast Agency","robots":{"index":"index","follow":"follow","max-snippet":"max-snippet:-1","max-image-preview":"max-image-preview:large","max-video-preview":"max-video-preview:-1"},"canonical":"https:\/\/atlast.agency\/es\/eventos\/","og_locale":"es_ES","og_type":"article","og_title":"Eventos","og_description":"Organizaci\u00f3n de eventos En Atlast ofrecemos asesoramiento y gesti\u00f3n para que tus eventos sean \u00fanicos y especiales. Nuestros servicios siempre se adaptan a tus necesidades, incluyendo: selecci\u00f3n y contrataci\u00f3n de espacios, dise\u00f1o o alquiler de mobiliario, estrategias de dinamizaci\u00f3n y actividades, catering, dise\u00f1o de invitaciones y aplicativos, servicio de fotogaf\u00eda y v\u00eddeo y arreglos florales. [&hellip;]","og_url":"https:\/\/atlast.agency\/es\/eventos\/","og_site_name":"Atlast Agency","article_modified_time":"2022-08-17T09:50:43+00:00","twitter_card":"summary_large_image","twitter_misc":{"Tiempo de lectura":"1 minuto"},"schema":{"@context":"https:\/\/schema.org","@graph":[{"@type":"WebPage","@id":"https:\/\/atlast.agency\/es\/eventos\/","url":"https:\/\/atlast.agency\/es\/eventos\/","name":"Eventos - Atlast Agency","isPartOf":{"@id":"https:\/\/atlast.agency\/#website"},"datePublished":"2022-07-04T09:09:47+00:00","dateModified":"2022-08-17T09:50:43+00:00","breadcrumb":{"@id":"https:\/\/atlast.agency\/es\/eventos\/#breadcrumb"},"inLanguage":"es","potentialAction":[{"@type":"ReadAction","target":["https:\/\/atlast.agency\/es\/eventos\/"]}]},{"@type":"BreadcrumbList","@id":"https:\/\/atlast.agency\/es\/eventos\/#breadcrumb","itemListElement":[{"@type":"ListItem","position":1,"name":"Home","item":"https:\/\/atlast.agency\/es\/"},{"@type":"ListItem","position":2,"name":"Eventos"}]},{"@type":"WebSite","@id":"https:\/\/atlast.agency\/#website","url":"https:\/\/atlast.agency\/","name":"Atlast Agency","description":"","potentialAction":[{"@type":"SearchAction","target":{"@type":"EntryPoint","urlTemplate":"https:\/\/atlast.agency\/?s={search_term_string}"},"query-input":{"@type":"PropertyValueSpecification","valueRequired":true,"valueName":"search_term_string"}}],"inLanguage":"es"}]}},"jetpack_sharing_enabled":true,"_links":{"self":[{"href":"https:\/\/atlast.agency\/es\/wp-json\/wp\/v2\/pages\/758","targetHints":{"allow":["GET"]}}],"collection":[{"href":"https:\/\/atlast.agency\/es\/wp-json\/wp\/v2\/pages"}],"about":[{"href":"https:\/\/atlast.agency\/es\/wp-json\/wp\/v2\/types\/page"}],"author":[{"embeddable":true,"href":"https:\/\/atlast.agency\/es\/wp-json\/wp\/v2\/users\/1"}],"replies":[{"embeddable":true,"href":"https:\/\/atlast.agency\/es\/wp-json\/wp\/v2\/comments?post=758"}],"version-history":[{"count":2,"href":"https:\/\/atlast.agency\/es\/wp-json\/wp\/v2\/pages\/758\/revisions"}],"predecessor-version":[{"id":760,"href":"https:\/\/atlast.agency\/es\/wp-json\/wp\/v2\/pages\/758\/revisions\/760"}],"wp:attachment":[{"href":"https:\/\/atlast.agency\/es\/wp-json\/wp\/v2\/media?parent=758"}],"curies":[{"name":"wp","href":"https:\/\/api.w.org\/{rel}","templated":true}]}}