{"id":3110,"date":"2024-05-31T08:59:28","date_gmt":"2024-05-31T06:59:28","guid":{"rendered":"https:\/\/atlast.agency\/?post_type=product&#038;p=3110"},"modified":"2025-04-12T12:39:05","modified_gmt":"2025-04-12T10:39:05","slug":"guia-viaje-londres-version-ingles","status":"publish","type":"product","link":"https:\/\/atlast.agency\/es\/producto\/guia-viaje-londres-version-ingles\/","title":{"rendered":"Gu\u00eda Viaje Londres &#8211; Versi\u00f3n Ingl\u00e9s"},"content":{"rendered":"<p>VERSI\u00d3N INGL\u00c9S<\/p><p>No importa si es la primera vez que exploras Londres o si vuelves para disfrutar deotra aventura: nuestra gu\u00eda online es el recurso definitivo para planificar tu visita perfecta y descubrir la cultura, la historia, las tradiciones y las joyas ocultas de la ciudad, con especial foco en pr\u00e1cticas sostenibles y recomendaciones locales.<\/p><p>Esto es lo que encontrar\u00e1s en nuestra gu\u00eda de viaje:<\/p><ul class=\"wp-block-list\"><li>Una introducci\u00f3n a la ciudad de Londres y sus antecedentes<\/li>\n\n<li>Consejos pr\u00e1cticos que te ayudar\u00e1n a planificar y preparar tu viaje<\/li>\n\n<li>Informaci\u00f3n curada que incluye curiosidades, datos curiosos y referencias interesantes<\/li>\n\n<li>Pr\u00e1cticas de turismo sostenible y responsable<\/li>\n\n<li>Alojamiento, transporte, lugares que visitar y recomendaciones culinarias<\/li>\n\n<li>Selecci\u00f3n de nuestros rincones favoritos y lugares de moda en la ciudad<\/li>\n\n<li>Cosas que nos gustar\u00eda saber y tener en cuenta antes de viajar<\/li>\n\n<li>Experiencias personales y puntos de vista locales<\/li>\n\n<li>Pr\u00e1cticos enlaces, mapas y aplicaciones de navegaci\u00f3n y un glosario de palabras y expresiones \u00fatiles<\/li><\/ul><p><\/p><p><strong>Descargala y gu\u00e1rdala en tu m\u00f3vil para tener acceso inmediato a ella antes, durante y despu\u00e9s de su viaje. \u00a1Que la disfrutes!<\/strong><\/p>","protected":false},"excerpt":{"rendered":"<p>VERSI\u00d3N INGL\u00c9S. <\/p>\n<p>Descubre Londres desde una perspectiva totalmente nueva y diferente con nuestra gu\u00eda de viaje descargable, en la que encontrar\u00e1s informaci\u00f3n esencial y pr\u00e1ctica del destino, desde un punto de vista \u00fanico sobre la ciudad.<\/p>\n","protected":false},"featured_media":3033,"comment_status":"open","ping_status":"closed","template":"","meta":[],"product_cat":[163],"product_tag":[],"class_list":{"0":"post-3110","1":"product","2":"type-product","3":"status-publish","4":"has-post-thumbnail","6":"product_cat-uncategorized","8":"first","9":"instock","10":"downloadable","11":"shipping-taxable","12":"purchasable","13":"product-type-simple"},"acf":[],"yoast_head":"<!-- This site is optimized with the Yoast SEO Premium plugin v18.3 (Yoast SEO v24.2) - https:\/\/yoast.com\/wordpress\/plugins\/seo\/ -->\n<title>Gu\u00eda Viaje Londres - Versi\u00f3n Ingl\u00e9s - Atlast Agency<\/title>\n<meta name=\"robots\" content=\"index, follow, max-snippet:-1, max-image-preview:large, max-video-preview:-1\" \/>\n<link rel=\"canonical\" href=\"https:\/\/atlast.agency\/es\/producto\/guia-viaje-londres-version-ingles\/\" \/>\n<meta property=\"og:locale\" content=\"es_ES\" \/>\n<meta property=\"og:type\" content=\"article\" \/>\n<meta property=\"og:title\" content=\"Gu\u00eda Viaje Londres - Versi\u00f3n Ingl\u00e9s\" \/>\n<meta property=\"og:description\" content=\"VERSI\u00d3N INGL\u00c9S. Descubre Londres desde una perspectiva totalmente nueva y diferente con nuestra gu\u00eda de viaje descargable, en la que encontrar\u00e1s informaci\u00f3n esencial y pr\u00e1ctica del destino, desde un punto de vista \u00fanico sobre la ciudad.\" \/>\n<meta property=\"og:url\" content=\"https:\/\/atlast.agency\/es\/producto\/guia-viaje-londres-version-ingles\/\" \/>\n<meta property=\"og:site_name\" content=\"Atlast Agency\" \/>\n<meta property=\"article:modified_time\" content=\"2025-04-12T10:39:05+00:00\" \/>\n<meta property=\"og:image\" content=\"https:\/\/atlast.agency\/wp-content\/uploads\/2024\/05\/2-2.png\" \/>\n\t<meta property=\"og:image:width\" content=\"1080\" \/>\n\t<meta property=\"og:image:height\" content=\"1080\" \/>\n\t<meta property=\"og:image:type\" content=\"image\/png\" \/>\n<meta name=\"twitter:card\" content=\"summary_large_image\" \/>\n<meta name=\"twitter:label1\" content=\"Tiempo de lectura\" \/>\n\t<meta name=\"twitter:data1\" content=\"1 minuto\" \/>\n<script type=\"application\/ld+json\" class=\"yoast-schema-graph\">{\"@context\":\"https:\/\/schema.org\",\"@graph\":[{\"@type\":\"WebPage\",\"@id\":\"https:\/\/atlast.agency\/es\/producto\/guia-viaje-londres-version-ingles\/\",\"url\":\"https:\/\/atlast.agency\/es\/producto\/guia-viaje-londres-version-ingles\/\",\"name\":\"Gu\u00eda Viaje Londres - Versi\u00f3n Ingl\u00e9s - Atlast Agency\",\"isPartOf\":{\"@id\":\"https:\/\/atlast.agency\/#website\"},\"primaryImageOfPage\":{\"@id\":\"https:\/\/atlast.agency\/es\/producto\/guia-viaje-londres-version-ingles\/#primaryimage\"},\"image\":{\"@id\":\"https:\/\/atlast.agency\/es\/producto\/guia-viaje-londres-version-ingles\/#primaryimage\"},\"thumbnailUrl\":\"https:\/\/atlast.agency\/wp-content\/uploads\/2024\/05\/2-2.png\",\"datePublished\":\"2024-05-31T06:59:28+00:00\",\"dateModified\":\"2025-04-12T10:39:05+00:00\",\"breadcrumb\":{\"@id\":\"https:\/\/atlast.agency\/es\/producto\/guia-viaje-londres-version-ingles\/#breadcrumb\"},\"inLanguage\":\"es\",\"potentialAction\":[{\"@type\":\"ReadAction\",\"target\":[\"https:\/\/atlast.agency\/es\/producto\/guia-viaje-londres-version-ingles\/\"]}]},{\"@type\":\"ImageObject\",\"inLanguage\":\"es\",\"@id\":\"https:\/\/atlast.agency\/es\/producto\/guia-viaje-londres-version-ingles\/#primaryimage\",\"url\":\"https:\/\/atlast.agency\/wp-content\/uploads\/2024\/05\/2-2.png\",\"contentUrl\":\"https:\/\/atlast.agency\/wp-content\/uploads\/2024\/05\/2-2.png\",\"width\":1080,\"height\":1080},{\"@type\":\"BreadcrumbList\",\"@id\":\"https:\/\/atlast.agency\/es\/producto\/guia-viaje-londres-version-ingles\/#breadcrumb\",\"itemListElement\":[{\"@type\":\"ListItem\",\"position\":1,\"name\":\"Home\",\"item\":\"https:\/\/atlast.agency\/es\/\"},{\"@type\":\"ListItem\",\"position\":2,\"name\":\"Tienda\",\"item\":\"https:\/\/atlast.agency\/es\/esp-tienda\/\"},{\"@type\":\"ListItem\",\"position\":3,\"name\":\"Gu\u00eda Viaje Londres &#8211; Versi\u00f3n Ingl\u00e9s\"}]},{\"@type\":\"WebSite\",\"@id\":\"https:\/\/atlast.agency\/#website\",\"url\":\"https:\/\/atlast.agency\/\",\"name\":\"Atlast Agency\",\"description\":\"\",\"potentialAction\":[{\"@type\":\"SearchAction\",\"target\":{\"@type\":\"EntryPoint\",\"urlTemplate\":\"https:\/\/atlast.agency\/?s={search_term_string}\"},\"query-input\":{\"@type\":\"PropertyValueSpecification\",\"valueRequired\":true,\"valueName\":\"search_term_string\"}}],\"inLanguage\":\"es\"}]}<\/script>\n<!-- \/ Yoast SEO Premium plugin. -->","yoast_head_json":{"title":"Gu\u00eda Viaje Londres - Versi\u00f3n Ingl\u00e9s - Atlast Agency","robots":{"index":"index","follow":"follow","max-snippet":"max-snippet:-1","max-image-preview":"max-image-preview:large","max-video-preview":"max-video-preview:-1"},"canonical":"https:\/\/atlast.agency\/es\/producto\/guia-viaje-londres-version-ingles\/","og_locale":"es_ES","og_type":"article","og_title":"Gu\u00eda Viaje Londres - Versi\u00f3n Ingl\u00e9s","og_description":"VERSI\u00d3N INGL\u00c9S. Descubre Londres desde una perspectiva totalmente nueva y diferente con nuestra gu\u00eda de viaje descargable, en la que encontrar\u00e1s informaci\u00f3n esencial y pr\u00e1ctica del destino, desde un punto de vista \u00fanico sobre la ciudad.","og_url":"https:\/\/atlast.agency\/es\/producto\/guia-viaje-londres-version-ingles\/","og_site_name":"Atlast Agency","article_modified_time":"2025-04-12T10:39:05+00:00","og_image":[{"width":1080,"height":1080,"url":"https:\/\/atlast.agency\/wp-content\/uploads\/2024\/05\/2-2.png","type":"image\/png"}],"twitter_card":"summary_large_image","twitter_misc":{"Tiempo de lectura":"1 minuto"},"schema":{"@context":"https:\/\/schema.org","@graph":[{"@type":"WebPage","@id":"https:\/\/atlast.agency\/es\/producto\/guia-viaje-londres-version-ingles\/","url":"https:\/\/atlast.agency\/es\/producto\/guia-viaje-londres-version-ingles\/","name":"Gu\u00eda Viaje Londres - Versi\u00f3n Ingl\u00e9s - Atlast Agency","isPartOf":{"@id":"https:\/\/atlast.agency\/#website"},"primaryImageOfPage":{"@id":"https:\/\/atlast.agency\/es\/producto\/guia-viaje-londres-version-ingles\/#primaryimage"},"image":{"@id":"https:\/\/atlast.agency\/es\/producto\/guia-viaje-londres-version-ingles\/#primaryimage"},"thumbnailUrl":"https:\/\/atlast.agency\/wp-content\/uploads\/2024\/05\/2-2.png","datePublished":"2024-05-31T06:59:28+00:00","dateModified":"2025-04-12T10:39:05+00:00","breadcrumb":{"@id":"https:\/\/atlast.agency\/es\/producto\/guia-viaje-londres-version-ingles\/#breadcrumb"},"inLanguage":"es","potentialAction":[{"@type":"ReadAction","target":["https:\/\/atlast.agency\/es\/producto\/guia-viaje-londres-version-ingles\/"]}]},{"@type":"ImageObject","inLanguage":"es","@id":"https:\/\/atlast.agency\/es\/producto\/guia-viaje-londres-version-ingles\/#primaryimage","url":"https:\/\/atlast.agency\/wp-content\/uploads\/2024\/05\/2-2.png","contentUrl":"https:\/\/atlast.agency\/wp-content\/uploads\/2024\/05\/2-2.png","width":1080,"height":1080},{"@type":"BreadcrumbList","@id":"https:\/\/atlast.agency\/es\/producto\/guia-viaje-londres-version-ingles\/#breadcrumb","itemListElement":[{"@type":"ListItem","position":1,"name":"Home","item":"https:\/\/atlast.agency\/es\/"},{"@type":"ListItem","position":2,"name":"Tienda","item":"https:\/\/atlast.agency\/es\/esp-tienda\/"},{"@type":"ListItem","position":3,"name":"Gu\u00eda Viaje Londres &#8211; Versi\u00f3n Ingl\u00e9s"}]},{"@type":"WebSite","@id":"https:\/\/atlast.agency\/#website","url":"https:\/\/atlast.agency\/","name":"Atlast Agency","description":"","potentialAction":[{"@type":"SearchAction","target":{"@type":"EntryPoint","urlTemplate":"https:\/\/atlast.agency\/?s={search_term_string}"},"query-input":{"@type":"PropertyValueSpecification","valueRequired":true,"valueName":"search_term_string"}}],"inLanguage":"es"}]}},"jetpack_sharing_enabled":true,"_links":{"self":[{"href":"https:\/\/atlast.agency\/es\/wp-json\/wp\/v2\/product\/3110","targetHints":{"allow":["GET"]}}],"collection":[{"href":"https:\/\/atlast.agency\/es\/wp-json\/wp\/v2\/product"}],"about":[{"href":"https:\/\/atlast.agency\/es\/wp-json\/wp\/v2\/types\/product"}],"replies":[{"embeddable":true,"href":"https:\/\/atlast.agency\/es\/wp-json\/wp\/v2\/comments?post=3110"}],"wp:featuredmedia":[{"embeddable":true,"href":"https:\/\/atlast.agency\/es\/wp-json\/wp\/v2\/media\/3033"}],"wp:attachment":[{"href":"https:\/\/atlast.agency\/es\/wp-json\/wp\/v2\/media?parent=3110"}],"wp:term":[{"taxonomy":"product_cat","embeddable":true,"href":"https:\/\/atlast.agency\/es\/wp-json\/wp\/v2\/product_cat?post=3110"},{"taxonomy":"product_tag","embeddable":true,"href":"https:\/\/atlast.agency\/es\/wp-json\/wp\/v2\/product_tag?post=3110"}],"curies":[{"name":"wp","href":"https:\/\/api.w.org\/{rel}","templated":true}]}}